{"id":10,"date":"2018-09-07T22:53:12","date_gmt":"2018-09-07T22:53:12","guid":{"rendered":"https:\/\/scbirg.ch\/?page_id=10"},"modified":"2020-11-21T12:11:33","modified_gmt":"2020-11-21T12:11:33","slug":"snowboard-jo","status":"publish","type":"page","link":"https:\/\/scbirg.ch\/index.php\/snowboard-jo","title":{"rendered":"Snowboard JO"},"content":{"rendered":"<div id=\"pl-10\"  class=\"panel-layout\" ><div id=\"pg-10-0\"  class=\"panel-grid panel-no-style\" ><div id=\"pgc-10-0-0\"  class=\"panel-grid-cell\" ><div id=\"panel-10-0-0-0\" class=\"so-panel widget widget_sow-editor panel-first-child\" data-index=\"0\" ><div\n\t\t\t\n\t\t\tclass=\"so-widget-sow-editor so-widget-sow-editor-base\"\n\t\t\t\n\t\t>\n<div class=\"siteorigin-widget-tinymce textwidget\">\n\t<h1>JO Trainings<\/h1>\n<p>Die JO-Trainings richten sich an Kinder und Jugendliche, welche Spass am Schneesport haben und gerne in einer Gruppe Snowboard fahren.<br \/>\nDie JO-Trainings finden jeweils am Samstag oder Sonntag gem\u00e4ss der Saisonplanung statt. Treffpunkt f\u00fcr die gemeinsame Anreise mit dem \u00d6V ist der Bahnhof Bern direkt auf dem Perron. Wir starten jeweils am Morgen zwischen 07.00 und 08.00 Uhr und sind um 17.00 bis 18.00 Uhr zur\u00fcck in Bern.<br \/>\nDer Tag wird wie folgt gestaltet: Nach dem Warm-up werden die snowboardtechnischen Basics vertieft. Zudem trainieren wir Freestyleelemente im Snowpark oder fahren auch Mal einen Snowboard-\/Skicross runter. Im Zentrum des Trainings steht der Spass. Voraussetzungen, um an den JO-Trainings teilzunehmen ist der Spass und das Interesse am Wintersport. Eigene Ideen, Vorschl\u00e4ge und W\u00fcnsche bez\u00fcglich den Trainingsinhalten k\u00f6nnen eingebracht werden.<\/p>\n<h1>Anmeldung\/ Durchf\u00fchrung<\/h1>\n<p>Die Teilnahme an den Trainings ist freiwillig, jedoch wird ein regelm\u00e4ssiges Besuchen der angebotenen Trainings erw\u00fcnscht. Die verbindliche Anmeldung muss bis 4 Tage vor dem Trainingstag erfolgen. Von dieser Verbindlichkeit ausgenommen sind Krankheit oder kurzfristige Ereignisse h\u00f6herer Gewalt. Die Trainingsdaten sind auf der Homepage des SC Birg Bern zu finden. Die Trainings werden ab 4 Teilnehmenden durchgef\u00fchrt. Trainingsabsagen von Seiten des SC Birg Bern aufgrund mangelnder Teilnahme oder schlechtem Wetter- oder Schneebedingungen werden sp\u00e4testens bis 20.00 Uhr am Vorabend des Trainings kommuniziert.<\/p>\n<p>Anmeldungen und Fragen bitte per Mail an <a href=\"mailto:info@scbirg.ch\">info@scbirg.ch<\/a><\/p>\n<div class=\"wp-block-file\"><a href=\"https:\/\/scbirg.ch\/wp-content\/uploads\/2020\/11\/agb-jo-birg-v02.pdf\">Anmeldung JO Training<\/a><a href=\"https:\/\/scbirg.ch\/wp-content\/uploads\/2020\/11\/agb-jo-birg-v02.pdf\" class=\"wp-block-file__button\" download=\"\">Herunterladen<\/a><\/div>\n<h1>Schnuppertraining<\/h1>\n<p>Jeder kann an einem kostenlosen Schnuppertraining teilnehmen. Einzig eine vorg\u00e4ngige Anmeldung ist daf\u00fcr beim JO-Leiter notwendig.<br \/>\nKosten<br \/>\nDer JO-Mitgliederbeitrag betr\u00e4gt f\u00fcr Kinder (bis 15 Jahre) CHF 25.-. Die Teilnahme an den JO-Trainings kostet zus\u00e4tzlich CHF 100.- pro Saison. Die Reise-, Skiticket- und Verpflegungskosten sind darin nicht enthalten. Bei einem Betritt gegen Ende der Saison kann mit dem JO Leiter und dem Kassier \u00fcber eine Reduktion der JO Trainingskosten gesprochen werden.<br \/>\nWettk\u00e4mpfe<br \/>\nBei der JO steht der Spass im Vordergrund. Eine regelm\u00e4ssige Teilnahme an Wettk\u00e4mpfen ist daher nicht vorgesehen. Sofern Kinder und Jugendliche eine Teilnahme an einem Wettkampf w\u00fcnschen, wird dies erm\u00f6glicht.<\/p>\n<\/div>\n<\/div><\/div><div id=\"panel-10-0-0-1\" class=\"so-panel widget widget_sow-slider\" data-index=\"1\" ><div\n\t\t\t\n\t\t\tclass=\"so-widget-sow-slider so-widget-sow-slider-default-6d39609536fd-10\"\n\t\t\t\n\t\t>\t\t\t\t<div class=\"sow-slider-base\" style=\"display: none\" tabindex=\"0\">\n\t\t\t\t\t<ul\n\t\t\t\t\tclass=\"sow-slider-images\"\n\t\t\t\t\tdata-settings=\"{&quot;pagination&quot;:true,&quot;speed&quot;:800,&quot;timeout&quot;:1000,&quot;paused&quot;:false,&quot;pause_on_hover&quot;:false,&quot;swipe&quot;:true,&quot;nav_always_show_desktop&quot;:&quot;&quot;,&quot;nav_always_show_mobile&quot;:&quot;&quot;,&quot;breakpoint&quot;:&quot;780px&quot;,&quot;unmute&quot;:false,&quot;anchor&quot;:null}\"\n\t\t\t\t\t\t\t\t\t\tdata-anchor-id=\"\"\n\t\t\t\t>\t\t<li class=\"sow-slider-image\" style=\"visibility: visible;\" >\n\t\t\t\t\t\t<img loading=\"lazy\" decoding=\"async\" width=\"5312\" height=\"2984\" src=\"https:\/\/scbirg.ch\/wp-content\/uploads\/2018\/09\/20180210_Jo_Tag_Kids_Leiter.jpg\" class=\"sow-slider-background-image\" alt=\"\" style=\"\" srcset=\"https:\/\/scbirg.ch\/wp-content\/uploads\/2018\/09\/20180210_Jo_Tag_Kids_Leiter.jpg 5312w, https:\/\/scbirg.ch\/wp-content\/uploads\/2018\/09\/20180210_Jo_Tag_Kids_Leiter-300x169.jpg 300w, https:\/\/scbirg.ch\/wp-content\/uploads\/2018\/09\/20180210_Jo_Tag_Kids_Leiter-768x431.jpg 768w, https:\/\/scbirg.ch\/wp-content\/uploads\/2018\/09\/20180210_Jo_Tag_Kids_Leiter-1024x575.jpg 1024w\" sizes=\"(max-width: 5312px) 100vw, 5312px\" \/>\t\t<\/li>\n\t\t\t\t<li class=\"sow-slider-image\" style=\"visibility: hidden;\" >\n\t\t\t\t\t\t<img loading=\"lazy\" decoding=\"async\" width=\"1280\" height=\"960\" src=\"https:\/\/scbirg.ch\/wp-content\/uploads\/2018\/09\/SkitagBirg_2018_Ski_Boarder.jpeg\" class=\"sow-slider-background-image\" alt=\"\" style=\"\" srcset=\"https:\/\/scbirg.ch\/wp-content\/uploads\/2018\/09\/SkitagBirg_2018_Ski_Boarder.jpeg 1280w, https:\/\/scbirg.ch\/wp-content\/uploads\/2018\/09\/SkitagBirg_2018_Ski_Boarder-300x225.jpeg 300w, https:\/\/scbirg.ch\/wp-content\/uploads\/2018\/09\/SkitagBirg_2018_Ski_Boarder-768x576.jpeg 768w, https:\/\/scbirg.ch\/wp-content\/uploads\/2018\/09\/SkitagBirg_2018_Ski_Boarder-1024x768.jpeg 1024w\" sizes=\"(max-width: 1280px) 100vw, 1280px\" \/>\t\t<\/li>\n\t\t\t\t<li class=\"sow-slider-image\" style=\"visibility: hidden;\" >\n\t\t\t\t\t\t<img loading=\"lazy\" decoding=\"async\" width=\"1280\" height=\"960\" src=\"https:\/\/scbirg.ch\/wp-content\/uploads\/2018\/09\/SkitagBirg_2018_JO.jpeg\" class=\"sow-slider-background-image\" alt=\"\" style=\"\" srcset=\"https:\/\/scbirg.ch\/wp-content\/uploads\/2018\/09\/SkitagBirg_2018_JO.jpeg 1280w, https:\/\/scbirg.ch\/wp-content\/uploads\/2018\/09\/SkitagBirg_2018_JO-300x225.jpeg 300w, https:\/\/scbirg.ch\/wp-content\/uploads\/2018\/09\/SkitagBirg_2018_JO-768x576.jpeg 768w, https:\/\/scbirg.ch\/wp-content\/uploads\/2018\/09\/SkitagBirg_2018_JO-1024x768.jpeg 1024w\" sizes=\"(max-width: 1280px) 100vw, 1280px\" \/>\t\t<\/li>\n\t\t\t\t<li class=\"sow-slider-image\" style=\"visibility: hidden;\" >\n\t\t\t\t\t\t<img loading=\"lazy\" decoding=\"async\" width=\"1280\" height=\"720\" src=\"https:\/\/scbirg.ch\/wp-content\/uploads\/2018\/09\/SkitagBirg_2018_Gruppe.jpeg\" class=\"sow-slider-background-image\" alt=\"\" style=\"\" srcset=\"https:\/\/scbirg.ch\/wp-content\/uploads\/2018\/09\/SkitagBirg_2018_Gruppe.jpeg 1280w, https:\/\/scbirg.ch\/wp-content\/uploads\/2018\/09\/SkitagBirg_2018_Gruppe-300x169.jpeg 300w, https:\/\/scbirg.ch\/wp-content\/uploads\/2018\/09\/SkitagBirg_2018_Gruppe-768x432.jpeg 768w, https:\/\/scbirg.ch\/wp-content\/uploads\/2018\/09\/SkitagBirg_2018_Gruppe-1024x576.jpeg 1024w\" sizes=\"(max-width: 1280px) 100vw, 1280px\" \/>\t\t<\/li>\n\t\t\t\t<li class=\"sow-slider-image\" style=\"visibility: hidden;\" >\n\t\t\t\t\t\t<img loading=\"lazy\" decoding=\"async\" width=\"2560\" height=\"1440\" src=\"https:\/\/scbirg.ch\/wp-content\/uploads\/2019\/12\/20191201_145812-scaled.jpg\" class=\"sow-slider-background-image\" alt=\"\" style=\"\" srcset=\"https:\/\/scbirg.ch\/wp-content\/uploads\/2019\/12\/20191201_145812-scaled.jpg 2560w, https:\/\/scbirg.ch\/wp-content\/uploads\/2019\/12\/20191201_145812-300x169.jpg 300w, https:\/\/scbirg.ch\/wp-content\/uploads\/2019\/12\/20191201_145812-1024x576.jpg 1024w, https:\/\/scbirg.ch\/wp-content\/uploads\/2019\/12\/20191201_145812-768x432.jpg 768w, https:\/\/scbirg.ch\/wp-content\/uploads\/2019\/12\/20191201_145812-1536x864.jpg 1536w, https:\/\/scbirg.ch\/wp-content\/uploads\/2019\/12\/20191201_145812-2048x1152.jpg 2048w\" sizes=\"(max-width: 2560px) 100vw, 2560px\" \/>\t\t<\/li>\n\t\t<\/ul>\t\t\t\t<ol class=\"sow-slider-pagination\">\n\t\t\t\t\t\t\t\t\t\t\t<li><a href=\"#\" data-goto=\"0\" aria-label=\"display slide 1\"><\/a><\/li>\n\t\t\t\t\t\t\t\t\t\t\t<li><a href=\"#\" data-goto=\"1\" aria-label=\"display slide 2\"><\/a><\/li>\n\t\t\t\t\t\t\t\t\t\t\t<li><a href=\"#\" data-goto=\"2\" aria-label=\"display slide 3\"><\/a><\/li>\n\t\t\t\t\t\t\t\t\t\t\t<li><a href=\"#\" data-goto=\"3\" aria-label=\"display slide 4\"><\/a><\/li>\n\t\t\t\t\t\t\t\t\t\t\t<li><a href=\"#\" data-goto=\"4\" aria-label=\"display slide 5\"><\/a><\/li>\n\t\t\t\t\t\t\t\t\t<\/ol>\n\n\t\t\t\t<div class=\"sow-slide-nav sow-slide-nav-next\">\n\t\t\t\t\t<a href=\"#\" data-goto=\"next\" aria-label=\"next slide\" data-action=\"next\">\n\t\t\t\t\t\t<em class=\"sow-sld-icon-thin-right\"><\/em>\n\t\t\t\t\t<\/a>\n\t\t\t\t<\/div>\n\n\t\t\t\t<div class=\"sow-slide-nav sow-slide-nav-prev\">\n\t\t\t\t\t<a href=\"#\" data-goto=\"previous\" aria-label=\"previous slide\" data-action=\"prev\">\n\t\t\t\t\t\t<em class=\"sow-sld-icon-thin-left\"><\/em>\n\t\t\t\t\t<\/a>\n\t\t\t\t<\/div>\n\t\t\t\t<\/div><\/div><\/div><div id=\"panel-10-0-0-2\" class=\"so-panel widget widget_sow-editor panel-last-child\" data-index=\"2\" ><div\n\t\t\t\n\t\t\tclass=\"so-widget-sow-editor so-widget-sow-editor-base\"\n\t\t\t\n\t\t>\n<div class=\"siteorigin-widget-tinymce textwidget\">\n\t<h1>H\u00e4ufig gestellte Fragen<\/h1>\n<p><strong>Welche Voraussetzungen braucht es, um an einem Training teilnehmen zu k\u00f6nnen?<\/strong><\/p>\n<p>Snowboardausr\u00fcstung inklusive Helm (R\u00fcckenpanzer empfohlen). Es wird kein spezifisches K\u00f6nnen vorausgesetzt, auch Anf\u00e4nger sind herzlich willkommen.<\/p>\n<p><strong>Kann man mit Skis an den Snowbaordtrainings teilnehmen?<\/strong><\/p>\n<p>Aufgrund der geringen Anzahl an Skifahrenden in der letzten Saison finden nur Trainings f\u00fcr Snowboardende statt. Daher ist eine Teilnahme mit Skis nicht m\u00f6glich, da Skifahrenden nicht vom Training profitieren w\u00fcrden.<\/p>\n<p><strong>Wann finden die Trainings statt?<\/strong><\/p>\n<p>Die Trainings finden am Wochenende statt. Ausnahmen sind w\u00e4hrend den Schulferien m\u00f6glich.<\/p>\n<p id=\"pgc-702-0-0\" class=\"panel-grid-cell\" data-weight=\"1\"><strong>Gibt es die M\u00f6glichkeit an einem anderen Ort als in Bern zur Gruppe zu stossen?<\/strong><br \/>\nJa. Es ist m\u00f6glich in den Zug zuzusteigen oder direkt vor Ort zu warten.<\/p>\n<\/div>\n<\/div><\/div><\/div><\/div><div id=\"pg-10-1\"  class=\"panel-grid panel-no-style\" ><div id=\"pgc-10-1-0\"  class=\"panel-grid-cell\" ><div id=\"panel-10-1-0-0\" class=\"so-panel widget widget_text panel-first-child panel-last-child\" data-index=\"3\" >\t\t\t<div class=\"textwidget\"><p>&nbsp;<\/p>\n<p>&nbsp;<\/p>\n<\/div>\n\t\t<\/div><\/div><\/div><\/div>","protected":false},"excerpt":{"rendered":"<p>JO Trainings Die JO-Trainings richten sich an Kinder und Jugendliche, welche Spass am Schneesport haben und gerne in einer Gruppe Snowboard fahren. Die JO-Trainings finden jeweils am Samstag oder Sonntag gem\u00e4ss der Saisonplanung statt. Treffpunkt f\u00fcr die gemeinsame Anreise mit dem \u00d6V ist der Bahnhof Bern direkt auf dem Perron. [&hellip;]<\/p>\n","protected":false},"author":1,"featured_media":0,"parent":0,"menu_order":0,"comment_status":"closed","ping_status":"closed","template":"","meta":{"footnotes":""},"_links":{"self":[{"href":"https:\/\/scbirg.ch\/index.php\/wp-json\/wp\/v2\/pages\/10"}],"collection":[{"href":"https:\/\/scbirg.ch\/index.php\/wp-json\/wp\/v2\/pages"}],"about":[{"href":"https:\/\/scbirg.ch\/index.php\/wp-json\/wp\/v2\/types\/page"}],"author":[{"embeddable":true,"href":"https:\/\/scbirg.ch\/index.php\/wp-json\/wp\/v2\/users\/1"}],"replies":[{"embeddable":true,"href":"https:\/\/scbirg.ch\/index.php\/wp-json\/wp\/v2\/comments?post=10"}],"version-history":[{"count":89,"href":"https:\/\/scbirg.ch\/index.php\/wp-json\/wp\/v2\/pages\/10\/revisions"}],"predecessor-version":[{"id":806,"href":"https:\/\/scbirg.ch\/index.php\/wp-json\/wp\/v2\/pages\/10\/revisions\/806"}],"wp:attachment":[{"href":"https:\/\/scbirg.ch\/index.php\/wp-json\/wp\/v2\/media?parent=10"}],"curies":[{"name":"wp","href":"https:\/\/api.w.org\/{rel}","templated":true}]}}